{"id":338,"date":"2024-12-24T21:43:15","date_gmt":"2024-12-24T21:43:15","guid":{"rendered":"https:\/\/eztechcv.com\/?page_id=338"},"modified":"2026-01-07T13:22:04","modified_gmt":"2026-01-07T13:22:04","slug":"sobre-nos","status":"publish","type":"page","link":"https:\/\/eztechcv.com\/?page_id=338","title":{"rendered":"Sobre N\u00f3s"},"content":{"rendered":"\t\t<div data-elementor-type=\"wp-page\" data-elementor-id=\"338\" class=\"elementor elementor-338\" data-elementor-post-type=\"page\">\n\t\t\t\t<div class=\"elementor-element elementor-element-07e3350 e-flex e-con-boxed e-con e-parent\" data-id=\"07e3350\" data-element_type=\"container\">\n\t\t\t\t\t<div class=\"e-con-inner\">\n\t\t\t\t<div class=\"elementor-element elementor-element-e15b2df elementor-widget elementor-widget-heading\" data-id=\"e15b2df\" data-element_type=\"widget\" data-widget_type=\"heading.default\">\n\t\t\t\t<div class=\"elementor-widget-container\">\n\t\t\t\t\t<h2 class=\"elementor-heading-title elementor-size-default\">Quem Somos<\/h2>\t\t\t\t<\/div>\n\t\t\t\t<\/div>\n\t\t\t\t<div class=\"elementor-element elementor-element-1c6dc0c elementor-widget__width-initial elementor-widget elementor-widget-text-editor\" data-id=\"1c6dc0c\" data-element_type=\"widget\" data-widget_type=\"text-editor.default\">\n\t\t\t\t<div class=\"elementor-widget-container\">\n\t\t\t\t\t\t\t\t\t<p>Somos uma empresa cabo-verdiana apaixonada por transformar ideias em realidade, utilizando tecnologia de ponta em corte, grava\u00e7\u00e3o e solda a laser, al\u00e9m de corte com router CNC. Desde o in\u00edcio, nos dedicamos a oferecer solu\u00e7\u00f5es inovadoras e personalizadas, sempre com o compromisso de atender \u00e0s necessidades espec\u00edficas dos nossos clientes. Nosso objetivo \u00e9 criar resultados excepcionais que combinam funcionalidade, criatividade e precis\u00e3o, destacando-se pela qualidade em cada detalhe.<\/p><p>Localizados no cora\u00e7\u00e3o de Cabo Verde, orgulhamo-nos de ser uma refer\u00eancia local em tecnologia avan\u00e7ada e design industrial. Trabalhamos com materiais variados, desde metais at\u00e9 acr\u00edlicos e madeiras, entregando projetos que variam de pe\u00e7as decorativas a componentes industriais. Cada projeto que realizamos reflete nosso compromisso com a excel\u00eancia e nossa paix\u00e3o por superar expectativas.<\/p>\t\t\t\t\t\t\t\t<\/div>\n\t\t\t\t<\/div>\n\t\t\t\t\t<\/div>\n\t\t\t\t<\/div>\n\t\t<div class=\"elementor-element elementor-element-35b56b3 e-flex e-con-boxed e-con e-parent\" data-id=\"35b56b3\" data-element_type=\"container\">\n\t\t\t\t\t<div class=\"e-con-inner\">\n\t\t\t\t<div class=\"elementor-element elementor-element-ea19595 elementor-widget elementor-widget-heading\" data-id=\"ea19595\" data-element_type=\"widget\" data-widget_type=\"heading.default\">\n\t\t\t\t<div class=\"elementor-widget-container\">\n\t\t\t\t\t<h2 class=\"elementor-heading-title elementor-size-default\">Miss\u00e3o<\/h2>\t\t\t\t<\/div>\n\t\t\t\t<\/div>\n\t\t\t\t<div class=\"elementor-element elementor-element-845898b elementor-widget__width-initial elementor-widget elementor-widget-text-editor\" data-id=\"845898b\" data-element_type=\"widget\" data-widget_type=\"text-editor.default\">\n\t\t\t\t<div class=\"elementor-widget-container\">\n\t\t\t\t\t\t\t\t\t<p>Inspirar e concretizar ideias, oferecendo solu\u00e7\u00f5es tecnol\u00f3gicas de alto n\u00edvel que aliam criatividade, funcionalidade e precis\u00e3o. Buscamos ser a escolha n\u00famero um em servi\u00e7os de corte, grava\u00e7\u00e3o e solda a laser em Cabo Verde, promovendo a inova\u00e7\u00e3o e contribuindo para o crescimento de nossos clientes.<\/p>\t\t\t\t\t\t\t\t<\/div>\n\t\t\t\t<\/div>\n\t\t\t\t\t<\/div>\n\t\t\t\t<\/div>\n\t\t<div class=\"elementor-element elementor-element-92532a7 e-flex e-con-boxed e-con e-parent\" data-id=\"92532a7\" data-element_type=\"container\">\n\t\t\t\t\t<div class=\"e-con-inner\">\n\t\t\t\t<div class=\"elementor-element elementor-element-dd08eeb elementor-widget elementor-widget-heading\" data-id=\"dd08eeb\" data-element_type=\"widget\" data-widget_type=\"heading.default\">\n\t\t\t\t<div class=\"elementor-widget-container\">\n\t\t\t\t\t<h2 class=\"elementor-heading-title elementor-size-default\">Vis\u00e3o<\/h2>\t\t\t\t<\/div>\n\t\t\t\t<\/div>\n\t\t\t\t<div class=\"elementor-element elementor-element-f31d717 elementor-widget__width-initial elementor-widget elementor-widget-text-editor\" data-id=\"f31d717\" data-element_type=\"widget\" data-widget_type=\"text-editor.default\">\n\t\t\t\t<div class=\"elementor-widget-container\">\n\t\t\t\t\t\t\t\t\t<p>Ser reconhecida como l\u00edder em solu\u00e7\u00f5es tecnol\u00f3gicas de corte, grava\u00e7\u00e3o e solda a laser em Cabo Verde e na regi\u00e3o, impulsionando a criatividade, a ind\u00fastria local e a excel\u00eancia no design, tornando-nos refer\u00eancia em inova\u00e7\u00e3o e qualidade.<\/p>\t\t\t\t\t\t\t\t<\/div>\n\t\t\t\t<\/div>\n\t\t\t\t\t<\/div>\n\t\t\t\t<\/div>\n\t\t<div class=\"elementor-element elementor-element-e6d3c6f e-flex e-con-boxed e-con e-parent\" data-id=\"e6d3c6f\" data-element_type=\"container\">\n\t\t\t\t\t<div class=\"e-con-inner\">\n\t\t\t\t<div class=\"elementor-element elementor-element-825dd2f elementor-widget elementor-widget-heading\" data-id=\"825dd2f\" data-element_type=\"widget\" data-widget_type=\"heading.default\">\n\t\t\t\t<div class=\"elementor-widget-container\">\n\t\t\t\t\t<h2 class=\"elementor-heading-title elementor-size-default\">Valores<\/h2>\t\t\t\t<\/div>\n\t\t\t\t<\/div>\n\t\t\t\t<div class=\"elementor-element elementor-element-9249bde elementor-widget__width-initial elementor-widget elementor-widget-text-editor\" data-id=\"9249bde\" data-element_type=\"widget\" data-widget_type=\"text-editor.default\">\n\t\t\t\t<div class=\"elementor-widget-container\">\n\t\t\t\t\t\t\t\t\t<ul><li><strong>Excel\u00eancia<\/strong>: Compromisso com resultados impec\u00e1veis em cada projeto.<\/li><li><strong>Inova\u00e7\u00e3o<\/strong>: Uso de tecnologias de ponta para oferecer solu\u00e7\u00f5es modernas e eficazes.<\/li><li><strong>Personaliza\u00e7\u00e3o<\/strong>: Valorizamos a individualidade de cada cliente, criando solu\u00e7\u00f5es sob medida.<\/li><li><strong>Sustentabilidade<\/strong>: Priorizamos pr\u00e1ticas respons\u00e1veis e materiais de qualidade que respeitam o meio ambiente.<\/li><li><strong>Dedica\u00e7\u00e3o Local<\/strong>: Como uma empresa cabo-verdiana, promovemos o desenvolvimento da nossa comunidade e celebramos a nossa identidade cultural.<\/li><\/ul>\t\t\t\t\t\t\t\t<\/div>\n\t\t\t\t<\/div>\n\t\t\t\t\t<\/div>\n\t\t\t\t<\/div>\n\t\t\t\t<section class=\"elementor-section elementor-top-section elementor-element elementor-element-736a7e3 elementor-section-boxed elementor-section-height-default elementor-section-height-default\" data-id=\"736a7e3\" data-element_type=\"section\">\n\t\t\t\t\t\t<div class=\"elementor-container elementor-column-gap-default\">\n\t\t\t\t\t<div class=\"elementor-column elementor-col-100 elementor-top-column elementor-element elementor-element-495117b\" data-id=\"495117b\" data-element_type=\"column\">\n\t\t\t<div class=\"elementor-widget-wrap elementor-element-populated\">\n\t\t\t\t\t\t<section class=\"elementor-section elementor-inner-section elementor-element elementor-element-d6a9560 elementor-section-content-middle about-4col elementor-section-boxed elementor-section-height-default elementor-section-height-default\" data-id=\"d6a9560\" data-element_type=\"section\">\n\t\t\t\t\t\t<div class=\"elementor-container elementor-column-gap-no\">\n\t\t\t\t\t<div class=\"elementor-column elementor-col-25 elementor-inner-column elementor-element elementor-element-52cdbb6\" data-id=\"52cdbb6\" data-element_type=\"column\" data-settings=\"{&quot;background_background&quot;:&quot;classic&quot;}\">\n\t\t\t<div class=\"elementor-widget-wrap elementor-element-populated\">\n\t\t\t\t\t\t<div class=\"elementor-element elementor-element-21f4494 elementor-widget elementor-widget-heading\" data-id=\"21f4494\" data-element_type=\"widget\" data-widget_type=\"heading.default\">\n\t\t\t\t<div class=\"elementor-widget-container\">\n\t\t\t\t\t<h3 class=\"elementor-heading-title elementor-size-default\">Estat\u00edsticas<\/h3>\t\t\t\t<\/div>\n\t\t\t\t<\/div>\n\t\t\t\t<div class=\"elementor-element elementor-element-bf40fbc elementor-widget elementor-widget-heading\" data-id=\"bf40fbc\" data-element_type=\"widget\" data-widget_type=\"heading.default\">\n\t\t\t\t<div class=\"elementor-widget-container\">\n\t\t\t\t\t<h4 class=\"elementor-heading-title elementor-size-default\">Projetos realizados<\/h4>\t\t\t\t<\/div>\n\t\t\t\t<\/div>\n\t\t\t\t\t<\/div>\n\t\t<\/div>\n\t\t\t\t<div class=\"elementor-column elementor-col-25 elementor-inner-column elementor-element elementor-element-b1e8089\" data-id=\"b1e8089\" data-element_type=\"column\" data-settings=\"{&quot;background_background&quot;:&quot;classic&quot;}\">\n\t\t\t<div class=\"elementor-widget-wrap elementor-element-populated\">\n\t\t\t\t\t\t<div class=\"elementor-element elementor-element-9a94e52 elementor-widget elementor-widget-heading\" data-id=\"9a94e52\" data-element_type=\"widget\" data-widget_type=\"heading.default\">\n\t\t\t\t<div class=\"elementor-widget-container\">\n\t\t\t\t\t<h3 class=\"elementor-heading-title elementor-size-default\">10+<\/h3>\t\t\t\t<\/div>\n\t\t\t\t<\/div>\n\t\t\t\t<div class=\"elementor-element elementor-element-535c68f elementor-widget elementor-widget-heading\" data-id=\"535c68f\" data-element_type=\"widget\" data-widget_type=\"heading.default\">\n\t\t\t\t<div class=\"elementor-widget-container\">\n\t\t\t\t\t<h4 class=\"elementor-heading-title elementor-size-default\">SKILL<\/h4>\t\t\t\t<\/div>\n\t\t\t\t<\/div>\n\t\t\t\t\t<\/div>\n\t\t<\/div>\n\t\t\t\t<div class=\"elementor-column elementor-col-25 elementor-inner-column elementor-element elementor-element-2fb1afc\" data-id=\"2fb1afc\" data-element_type=\"column\" data-settings=\"{&quot;background_background&quot;:&quot;classic&quot;}\">\n\t\t\t<div class=\"elementor-widget-wrap elementor-element-populated\">\n\t\t\t\t\t\t<div class=\"elementor-element elementor-element-0dd8cae elementor-widget elementor-widget-heading\" data-id=\"0dd8cae\" data-element_type=\"widget\" data-widget_type=\"heading.default\">\n\t\t\t\t<div class=\"elementor-widget-container\">\n\t\t\t\t\t<h3 class=\"elementor-heading-title elementor-size-default\">250+<\/h3>\t\t\t\t<\/div>\n\t\t\t\t<\/div>\n\t\t\t\t<div class=\"elementor-element elementor-element-09af9e5 elementor-widget elementor-widget-heading\" data-id=\"09af9e5\" data-element_type=\"widget\" data-widget_type=\"heading.default\">\n\t\t\t\t<div class=\"elementor-widget-container\">\n\t\t\t\t\t<h4 class=\"elementor-heading-title elementor-size-default\">CLIENTES<\/h4>\t\t\t\t<\/div>\n\t\t\t\t<\/div>\n\t\t\t\t\t<\/div>\n\t\t<\/div>\n\t\t\t\t<div class=\"elementor-column elementor-col-25 elementor-inner-column elementor-element elementor-element-d5765fa\" data-id=\"d5765fa\" data-element_type=\"column\" data-settings=\"{&quot;background_background&quot;:&quot;classic&quot;}\">\n\t\t\t<div class=\"elementor-widget-wrap elementor-element-populated\">\n\t\t\t\t\t\t<div class=\"elementor-element elementor-element-c035ac3 elementor-widget elementor-widget-heading\" data-id=\"c035ac3\" data-element_type=\"widget\" data-widget_type=\"heading.default\">\n\t\t\t\t<div class=\"elementor-widget-container\">\n\t\t\t\t\t<h3 class=\"elementor-heading-title elementor-size-default\">299+<\/h3>\t\t\t\t<\/div>\n\t\t\t\t<\/div>\n\t\t\t\t<div class=\"elementor-element elementor-element-4b4884b elementor-widget elementor-widget-heading\" data-id=\"4b4884b\" data-element_type=\"widget\" data-widget_type=\"heading.default\">\n\t\t\t\t<div class=\"elementor-widget-container\">\n\t\t\t\t\t<h4 class=\"elementor-heading-title elementor-size-default\">PROJETOS<\/h4>\t\t\t\t<\/div>\n\t\t\t\t<\/div>\n\t\t\t\t\t<\/div>\n\t\t<\/div>\n\t\t\t\t\t<\/div>\n\t\t<\/section>\n\t\t\t\t\t<\/div>\n\t\t<\/div>\n\t\t\t\t\t<\/div>\n\t\t<\/section>\n\t\t\t\t<section class=\"elementor-section elementor-top-section elementor-element elementor-element-5bcd5b6 elementor-section-height-min-height elementor-section-boxed elementor-section-height-default elementor-section-items-middle\" data-id=\"5bcd5b6\" data-element_type=\"section\" data-settings=\"{&quot;background_background&quot;:&quot;classic&quot;}\">\n\t\t\t\t\t\t<div class=\"elementor-container elementor-column-gap-no\">\n\t\t\t\t\t<div class=\"elementor-column elementor-col-100 elementor-top-column elementor-element elementor-element-b37eb8c elementor-invisible\" data-id=\"b37eb8c\" data-element_type=\"column\" data-settings=\"{&quot;animation&quot;:&quot;zoomIn&quot;}\">\n\t\t\t<div class=\"elementor-widget-wrap elementor-element-populated\">\n\t\t\t\t\t\t<section class=\"elementor-section elementor-inner-section elementor-element elementor-element-e19c541 elementor-section-boxed elementor-section-height-default elementor-section-height-default\" data-id=\"e19c541\" data-element_type=\"section\">\n\t\t\t\t\t\t<div class=\"elementor-container elementor-column-gap-default\">\n\t\t\t\t\t<div class=\"elementor-column elementor-col-50 elementor-inner-column elementor-element elementor-element-22a816e\" data-id=\"22a816e\" data-element_type=\"column\">\n\t\t\t<div class=\"elementor-widget-wrap elementor-element-populated\">\n\t\t\t\t\t\t<div class=\"elementor-element elementor-element-4d48691 elementor-widget elementor-widget-heading\" data-id=\"4d48691\" data-element_type=\"widget\" data-widget_type=\"heading.default\">\n\t\t\t\t<div class=\"elementor-widget-container\">\n\t\t\t\t\t<h3 class=\"elementor-heading-title elementor-size-default\">Conhe\u00e7a nossa<\/h3>\t\t\t\t<\/div>\n\t\t\t\t<\/div>\n\t\t\t\t<div class=\"elementor-element elementor-element-96d2dbf elementor-widget__width-initial elementor-widget elementor-widget-heading\" data-id=\"96d2dbf\" data-element_type=\"widget\" data-widget_type=\"heading.default\">\n\t\t\t\t<div class=\"elementor-widget-container\">\n\t\t\t\t\t<h3 class=\"elementor-heading-title elementor-size-default\">Equipa<\/h3>\t\t\t\t<\/div>\n\t\t\t\t<\/div>\n\t\t\t\t\t<\/div>\n\t\t<\/div>\n\t\t\t\t<div class=\"elementor-column elementor-col-50 elementor-inner-column elementor-element elementor-element-e7b49c7\" data-id=\"e7b49c7\" data-element_type=\"column\">\n\t\t\t<div class=\"elementor-widget-wrap elementor-element-populated\">\n\t\t\t\t\t\t<div class=\"elementor-element elementor-element-6244fc2 elementor-widget elementor-widget-text-editor\" data-id=\"6244fc2\" data-element_type=\"widget\" data-widget_type=\"text-editor.default\">\n\t\t\t\t<div class=\"elementor-widget-container\">\n\t\t\t\t\t\t\t\t\t<p>Por tr\u00e1s de cada projeto realizado, est\u00e1 uma equipa dedicada e apaixonada pelo que faz. Combinando experi\u00eancia, criatividade e compromisso, trabalhamos juntos para garantir que cada detalhe seja executado com precis\u00e3o e excel\u00eancia.<\/p>\t\t\t\t\t\t\t\t<\/div>\n\t\t\t\t<\/div>\n\t\t\t\t\t<\/div>\n\t\t<\/div>\n\t\t\t\t\t<\/div>\n\t\t<\/section>\n\t\t\t\t\t<\/div>\n\t\t<\/div>\n\t\t\t\t\t<\/div>\n\t\t<\/section>\n\t\t<div class=\"elementor-element elementor-element-d833129 e-flex e-con-boxed e-con e-parent\" data-id=\"d833129\" data-element_type=\"container\" data-settings=\"{&quot;background_background&quot;:&quot;classic&quot;}\">\n\t\t\t\t\t<div class=\"e-con-inner\">\n\t\t\t\t<div class=\"elementor-element elementor-element-1e9c137 elementor-widget__width-initial elementor-widget elementor-widget-image\" data-id=\"1e9c137\" data-element_type=\"widget\" data-widget_type=\"image.default\">\n\t\t\t\t<div class=\"elementor-widget-container\">\n\t\t\t\t\t\t\t\t\t\t\t\t\t\t\t<img fetchpriority=\"high\" decoding=\"async\" width=\"1024\" height=\"768\" src=\"https:\/\/eztechcv.com\/wp-content\/uploads\/2026\/01\/WhatsApp-Image-2026-01-07-at-12.06.17-1-1024x768.jpeg\" class=\"attachment-large size-large wp-image-1540\" alt=\"\" srcset=\"https:\/\/eztechcv.com\/wp-content\/uploads\/2026\/01\/WhatsApp-Image-2026-01-07-at-12.06.17-1-1024x768.jpeg 1024w, https:\/\/eztechcv.com\/wp-content\/uploads\/2026\/01\/WhatsApp-Image-2026-01-07-at-12.06.17-1-300x225.jpeg 300w, https:\/\/eztechcv.com\/wp-content\/uploads\/2026\/01\/WhatsApp-Image-2026-01-07-at-12.06.17-1-768x576.jpeg 768w, https:\/\/eztechcv.com\/wp-content\/uploads\/2026\/01\/WhatsApp-Image-2026-01-07-at-12.06.17-1.jpeg 1280w\" sizes=\"(max-width: 1024px) 100vw, 1024px\" \/>\t\t\t\t\t\t\t\t\t\t\t\t\t\t\t<\/div>\n\t\t\t\t<\/div>\n\t\t\t\t\t<\/div>\n\t\t\t\t<\/div>\n\t\t\t\t<\/div>\n\t\t","protected":false},"excerpt":{"rendered":"<p>Quem Somos Somos uma empresa cabo-verdiana apaixonada por transformar ideias em realidade, utilizando tecnologia de ponta em corte, grava\u00e7\u00e3o e solda a laser, al\u00e9m de corte com router CNC. Desde o in\u00edcio, nos dedicamos a oferecer solu\u00e7\u00f5es inovadoras e personalizadas, sempre com o compromisso de atender \u00e0s necessidades espec\u00edficas dos nossos clientes. Nosso objetivo \u00e9<br \/><a class=\"moretag\" href=\"https:\/\/eztechcv.com\/?page_id=338\">+ Read More<\/a><\/p>\n","protected":false},"author":1,"featured_media":0,"parent":0,"menu_order":0,"comment_status":"closed","ping_status":"closed","template":"templates\/page-builder.php","meta":{"footnotes":""},"class_list":["post-338","page","type-page","status-publish","hentry"],"_links":{"self":[{"href":"https:\/\/eztechcv.com\/index.php?rest_route=\/wp\/v2\/pages\/338","targetHints":{"allow":["GET"]}}],"collection":[{"href":"https:\/\/eztechcv.com\/index.php?rest_route=\/wp\/v2\/pages"}],"about":[{"href":"https:\/\/eztechcv.com\/index.php?rest_route=\/wp\/v2\/types\/page"}],"author":[{"embeddable":true,"href":"https:\/\/eztechcv.com\/index.php?rest_route=\/wp\/v2\/users\/1"}],"replies":[{"embeddable":true,"href":"https:\/\/eztechcv.com\/index.php?rest_route=%2Fwp%2Fv2%2Fcomments&post=338"}],"version-history":[{"count":61,"href":"https:\/\/eztechcv.com\/index.php?rest_route=\/wp\/v2\/pages\/338\/revisions"}],"predecessor-version":[{"id":1549,"href":"https:\/\/eztechcv.com\/index.php?rest_route=\/wp\/v2\/pages\/338\/revisions\/1549"}],"wp:attachment":[{"href":"https:\/\/eztechcv.com\/index.php?rest_route=%2Fwp%2Fv2%2Fmedia&parent=338"}],"curies":[{"name":"wp","href":"https:\/\/api.w.org\/{rel}","templated":true}]}}